{"id":7,"date":"2019-05-19T14:43:30","date_gmt":"2019-05-19T12:43:30","guid":{"rendered":"http:\/\/hiko-schlesien.de\/?page_id=7"},"modified":"2019-11-17T18:32:46","modified_gmt":"2019-11-17T16:32:46","slug":"profil","status":"publish","type":"page","link":"http:\/\/hiko-schlesien.de\/pl\/","title":{"rendered":""},"content":{"rendered":"<p><a href=\"http:\/\/hiko-schlesien.de\/wp-23550-content\/uploads\/2019\/05\/Wappen-Silesia_Ausschnitt_SW.png\"><img decoding=\"async\" loading=\"lazy\" class=\"alignright wp-image-79\" src=\"http:\/\/hiko-schlesien.de\/wp-23550-content\/uploads\/2019\/05\/Wappen-Silesia_Ausschnitt_SW-280x300.png\" alt=\"\" width=\"200\" height=\"214\" srcset=\"http:\/\/hiko-schlesien.de\/wp-23550-content\/uploads\/2019\/05\/Wappen-Silesia_Ausschnitt_SW-280x300.png 280w, http:\/\/hiko-schlesien.de\/wp-23550-content\/uploads\/2019\/05\/Wappen-Silesia_Ausschnitt_SW.png 644w\" sizes=\"(max-width: 200px) 100vw, 200px\" \/><\/a>Komisja Historyczna \u015al\u0105ska, do kt\u00f3rej nale\u017c\u0105 naukowcy z r\u00f3\u017cnych kraj\u00f3w i dyscyplin naukowych, jest jedn\u0105 z najbardziej renomowanych instytucji, kt\u00f3re zajmuj\u0105 si\u0119 w Niemczech kultur\u0105 i histori\u0105 wschodniej Europy \u015arodkowej. Od za\u0142amania komunistycznej w\u0142adzy przymusu i wschodniego rozszerzenia Unii Europejskiej przypada coraz wi\u0119ksze znaczenie tej cz\u0119\u015bci Europy \u2013 w \u015bwiadomo\u015bci publicznej, podobnie jak w \u015brodowisku naukowym. Ze wzgl\u0119du na specyficzne niemieckie tradycje naukowe posiada w\u0142a\u015bnie Komisja Historyczna \u015al\u0105ska wa\u017cn\u0105 funkcj\u0119 \u201czawiasu\u201d mi\u0119dzy niezmiennie siln\u0105 histori\u0105 Europy Wschodniej z jej daleko id\u0105cym ograniczeniem na histori\u0119 wschodnios\u0142owia\u0144sk\u0105 i wci\u0105\u017c jeszcze skoncentrowanej na w\u0142asnej historii narodowej historii powszechnej Europy Zachodniej.<\/p>\n<p>Historia \u015al\u0105ska jest obecnie uwa\u017cana w trzech krajach \u2013 w Niemczech, w Polsce i w Czechach \u2013 jako cz\u0119\u015b\u0107 w\u0142asnej historii. Komisja Historyczna \u015al\u0105ska kooperuje zatem z licznymi instytucjami w wschodnich krajach s\u0105siedzkich, wspomaga obok niemieckich, tak\u017ce polskie i czeskie projekty naukowe i szuka bezpo\u015bredniej wymiany z specjalistami w tych krajach w wszystkich obszarach historii \u015bl\u0105skiej. R\u00f3\u017cnorodne wzajemne kontakty i zaproszenia \u015bwiadcz\u0105 o tym, \u017ce jest ona uznanym forum i szukanym partnerem kontaktowym dla polskich i czeskich naukowc\u00f3w, kt\u00f3rzy cz\u0119\u015bciowo wsp\u00f3\u0142pracuj\u0105 bezpo\u015brednio w Komisji.<\/p>\n<p>Gdy Komisja Historyczna \u015al\u0105ska zosta\u0142a za\u0142o\u017cona p\u00f3\u017an\u0105 jesieni\u0105 1921 roku we Wroc\u0142awiu, polityczne i naukowe warunki ramowe by\u0142y naturalnie inne ni\u017c w wsp\u00f3\u0142czesno\u015bci. Zwi\u0105zek z histori\u0105 ojczyzny i spo\u0142ecze\u0144stwa by\u0142 wyra\u017anie widoczny, a r\u00f3wnie\u017c rozgraniczenie od historiografii w nowo powsta\u0142ych po Pierwszej Wojnie \u015awiatowej s\u0142owia\u0144skich krajach s\u0105siedzkich \u2013 Polsce i Czechach \u2013 jest nie do przeoczenia. Zainteresowania pozanaukowe nie s\u0105 jednak zamierzeniem Komisji. Merytorycznie skoncentrowano si\u0119 najpierw na wydaniu biograficznych kompendi\u00f3w wiedzy, \u015al\u0105skiej Ksi\u0119gi Dokument\u00f3w i odpowiadaj\u0105cej wymogom naukowym\u00a0 pierwszej ca\u0142kowitej historii tej krainy historycznej. G\u0142\u0119boki by\u0142 moment prze\u0142omowy Drugiej Wojny \u015awiatowej, poniewa\u017c z upadkiem Prus i za\u0142amaniem imperium niemieckiego uleg\u0142y straceniu podstawy wschodnioniemieckiej historiografii krajowej. Jako obiekt naukowy wzros\u0142a historia \u015al\u0105ska po 1945 do domeny polskich bada\u0144 historycznych. Komisja Historyczna \u015al\u0105ska by\u0142a w stanie dopiero jesieni\u0105 1951 ponownie podj\u0105\u0107 jej prac\u0119 w Republice Federalnej Niemiec. Od tego czasu przedstawione naukowe rezultaty, kt\u00f3re na tej stronie internetowej zosta\u0142y sporz\u0105dzone jako lista w oddzielnym wykazie, s\u0105 niemniej jednak znaczne.<\/p>\n<p>Komisja Historyczna \u015al\u0105ska stara si\u0119 przyj\u0105\u0107 kulturaln\u0105 spu\u015bcizn\u0119 jako cz\u0119\u015b\u0107 wsp\u00f3lnej historii Niemiec i jej kraj\u00f3w s\u0105siedzkich na Wschodzie i wykorzysta\u0107 jako szans\u0119 dla owocnego dialogu i konstruktywnej wsp\u00f3\u0142pracy z Polsk\u0105 i Czechami. Komisja rozumie si\u0119 st\u0105d tak\u017ce jako po\u015brednik mi\u0119dzy Wschodem i Zachodem, mi\u0119dzy instytucjami i inicjatywami pojedynczymi, mi\u0119dzy nauk\u0105 a opini\u0105 publiczn\u0105. Ona sk\u0142ania ludzi do wymiany i kooperacji, inicjuje do nowych projekt\u00f3w naukowych, wspiera m\u0142ode pokolenia i troszczy si\u0119 o postrzeganie publiczne jej pracy.<\/p>\n","protected":false},"excerpt":{"rendered":"<p>Komisja Historyczna \u015al\u0105ska, do kt\u00f3rej nale\u017c\u0105 naukowcy z r\u00f3\u017cnych kraj\u00f3w i dyscyplin naukowych, jest jedn\u0105 z najbardziej renomowanych instytucji, kt\u00f3re zajmuj\u0105 si\u0119 w Niemczech kultur\u0105 i histori\u0105 wschodniej Europy \u015arodkowej. Od za\u0142amania komunistycznej w\u0142adzy przymusu i wschodniego rozszerzenia Unii Europejskiej przypada coraz wi\u0119ksze znaczenie tej cz\u0119\u015bci Europy \u2013 w \u015bwiadomo\u015bci publicznej, podobnie jak w \u015brodowisku [&hellip;]<\/p>\n","protected":false},"author":1,"featured_media":0,"parent":0,"menu_order":0,"comment_status":"closed","ping_status":"closed","template":"","meta":[],"translation":{"provider":"WPGlobus","version":"2.10.6","language":"pl","enabled_languages":["de","pl"],"languages":{"de":{"title":false,"content":true,"excerpt":false},"pl":{"title":false,"content":true,"excerpt":false}}},"yoast_head":"<!-- This site is optimized with the Yoast SEO plugin v19.10 - https:\/\/yoast.com\/wordpress\/plugins\/seo\/ -->\n<title>- Komisja Historyczna \u015al\u0105ska<\/title>\n<meta name=\"robots\" content=\"index, follow, max-snippet:-1, max-image-preview:large, max-video-preview:-1\" \/>\n<link rel=\"canonical\" href=\"http:\/\/hiko-schlesien.de\/\" \/>\n<meta property=\"og:locale\" content=\"pl_PL\" \/>\n<meta property=\"og:type\" content=\"article\" \/>\n<meta property=\"og:title\" content=\"- Komisja Historyczna \u015al\u0105ska\" \/>\n<meta property=\"og:url\" content=\"http:\/\/hiko-schlesien.de\/\" \/>\n<meta property=\"og:site_name\" content=\"Komisja Historyczna \u015al\u0105ska\" \/>\n<meta property=\"article:modified_time\" content=\"2019-11-17T16:32:46+00:00\" \/>\n<meta property=\"og:image\" content=\"http:\/\/hiko-schlesien.de\/wp-23550-content\/uploads\/2019\/05\/Wappen-Silesia_Ausschnitt_SW-280x300.png\" \/>\n<meta name=\"twitter:card\" content=\"summary_large_image\" \/>\n<meta name=\"twitter:label1\" content=\"Est. reading time\" \/>\n\t<meta name=\"twitter:data1\" content=\"5 minutes\" \/>\n<script type=\"application\/ld+json\" class=\"yoast-schema-graph\">{\"@context\":\"https:\/\/schema.org\",\"@graph\":[{\"@type\":\"WebPage\",\"@id\":\"http:\/\/hiko-schlesien.de\/\",\"url\":\"http:\/\/hiko-schlesien.de\/\",\"name\":\"- Komisja Historyczna \u015al\u0105ska\",\"isPartOf\":{\"@id\":\"http:\/\/hiko-schlesien.de\/#website\"},\"datePublished\":\"2019-05-19T12:43:30+00:00\",\"dateModified\":\"2019-11-17T16:32:46+00:00\",\"inLanguage\":\"pl-PL\",\"potentialAction\":[{\"@type\":\"ReadAction\",\"target\":[\"http:\/\/hiko-schlesien.de\/\"]}]},{\"@type\":\"WebSite\",\"@id\":\"http:\/\/hiko-schlesien.de\/#website\",\"url\":\"http:\/\/hiko-schlesien.de\/\",\"name\":\"Komisja Historyczna \u015al\u0105ska\",\"description\":\"\",\"potentialAction\":[{\"@type\":\"SearchAction\",\"target\":{\"@type\":\"EntryPoint\",\"urlTemplate\":\"http:\/\/hiko-schlesien.de\/?s={search_term_string}\"},\"query-input\":\"required name=search_term_string\"}],\"inLanguage\":\"pl-PL\"}]}<\/script>\n<!-- \/ Yoast SEO plugin. -->","yoast_head_json":{"title":"- Komisja Historyczna \u015al\u0105ska","robots":{"index":"index","follow":"follow","max-snippet":"max-snippet:-1","max-image-preview":"max-image-preview:large","max-video-preview":"max-video-preview:-1"},"canonical":"http:\/\/hiko-schlesien.de\/","og_locale":"pl_PL","og_type":"article","og_title":"- Komisja Historyczna \u015al\u0105ska","og_url":"http:\/\/hiko-schlesien.de\/","og_site_name":"Komisja Historyczna \u015al\u0105ska","article_modified_time":"2019-11-17T16:32:46+00:00","og_image":[{"url":"http:\/\/hiko-schlesien.de\/wp-23550-content\/uploads\/2019\/05\/Wappen-Silesia_Ausschnitt_SW-280x300.png"}],"twitter_card":"summary_large_image","twitter_misc":{"Est. reading time":"5 minutes"},"schema":{"@context":"https:\/\/schema.org","@graph":[{"@type":"WebPage","@id":"http:\/\/hiko-schlesien.de\/","url":"http:\/\/hiko-schlesien.de\/","name":"- Komisja Historyczna \u015al\u0105ska","isPartOf":{"@id":"http:\/\/hiko-schlesien.de\/#website"},"datePublished":"2019-05-19T12:43:30+00:00","dateModified":"2019-11-17T16:32:46+00:00","inLanguage":"pl-PL","potentialAction":[{"@type":"ReadAction","target":["http:\/\/hiko-schlesien.de\/"]}]},{"@type":"WebSite","@id":"http:\/\/hiko-schlesien.de\/#website","url":"http:\/\/hiko-schlesien.de\/","name":"Komisja Historyczna \u015al\u0105ska","description":"","potentialAction":[{"@type":"SearchAction","target":{"@type":"EntryPoint","urlTemplate":"http:\/\/hiko-schlesien.de\/?s={search_term_string}"},"query-input":"required name=search_term_string"}],"inLanguage":"pl-PL"}]}},"_links":{"self":[{"href":"http:\/\/hiko-schlesien.de\/pl\/wp-json\/wp\/v2\/pages\/7"}],"collection":[{"href":"http:\/\/hiko-schlesien.de\/pl\/wp-json\/wp\/v2\/pages"}],"about":[{"href":"http:\/\/hiko-schlesien.de\/pl\/wp-json\/wp\/v2\/types\/page"}],"author":[{"embeddable":true,"href":"http:\/\/hiko-schlesien.de\/pl\/wp-json\/wp\/v2\/users\/1"}],"replies":[{"embeddable":true,"href":"http:\/\/hiko-schlesien.de\/pl\/wp-json\/wp\/v2\/comments?post=7"}],"version-history":[{"count":16,"href":"http:\/\/hiko-schlesien.de\/pl\/wp-json\/wp\/v2\/pages\/7\/revisions"}],"predecessor-version":[{"id":182,"href":"http:\/\/hiko-schlesien.de\/pl\/wp-json\/wp\/v2\/pages\/7\/revisions\/182"}],"wp:attachment":[{"href":"http:\/\/hiko-schlesien.de\/pl\/wp-json\/wp\/v2\/media?parent=7"}],"curies":[{"name":"wp","href":"https:\/\/api.w.org\/{rel}","templated":true}]}}