{"id":20,"date":"2019-05-19T14:45:51","date_gmt":"2019-05-19T12:45:51","guid":{"rendered":"http:\/\/hiko-schlesien.de\/?page_id=20"},"modified":"2019-05-19T17:20:14","modified_gmt":"2019-05-19T15:20:14","slug":"links","status":"publish","type":"page","link":"http:\/\/hiko-schlesien.de\/pl\/links\/","title":{"rendered":"Linki"},"content":{"rendered":"<p><b><strong>Zdigitalizowane wyszukiwanie literatury<br \/>\n<\/strong><\/b><a href=\"https:\/\/www.sbc.org.pl\/dlibra\">https:\/\/www.sbc.org.pl\/dlibra<\/a><br \/>\n<a href=\"http:\/\/opac.ub.uni-marburg.de\/DB=2\/\">http:\/\/opac.ub.uni-marburg.de\/DB=2\/<\/a><\/p>\n<p><b>Muzea<br \/>\n<\/b><a href=\"http:\/\/www.schlesisches-museum.de\/\">www.schlesisches-museum.de\/<\/a><br \/>\n<a href=\"http:\/\/www.oberschlesisches-landesmuseum.de\/\">www.oberschlesisches-landesmuseum.de\/<\/a><br \/>\n<a href=\"http:\/\/www.muzeumslaskie.pl\/de\/\">www.muzeumslaskie.pl\/de\/<\/a><br \/>\n<a href=\"http:\/\/www.muzeumprasy.pl\/\">www.muzeumprasy.pl\/<\/a><br \/>\n<a href=\"http:\/\/muzeumcieszyn.pl\/index.php\">muzeumcieszyn.pl\/index.php<\/a><br \/>\n<a href=\"http:\/\/www.mhk.katowice.pl\/\">www.mhk.katowice.pl\/<\/a><br \/>\n<a href=\"http:\/\/www.muzeum.gliwice.pl\/\">www.muzeum.gliwice.pl\/<\/a><\/p>\n<p><b>Archiwa<br \/>\n<\/b><a href=\"http:\/\/www.katowice.ap.gov.pl\/\">www.katowice.ap.gov.pl\/<\/a><br \/>\n<a href=\"http:\/\/www.ap.wroc.pl\/\">www.ap.wroc.pl\/<\/a><br \/>\n<a href=\"http:\/\/www.archiwum.zgora.pl\/\">www.archiwum.zgora.pl\/<\/a><br \/>\n<a href=\"http:\/\/www.archiwum.opole.pl\/szablon.php\">www.archiwum.opole.pl\/szablon.php<\/a><br \/>\n<a href=\"http:\/\/www.am.katowice.pl\/\">www.am.katowice.pl\/<\/a><\/p>\n<p><strong>Archiwa ko\u015bcielne<br \/>\n<\/strong><b><\/b><a href=\"http:\/\/archiwum.archidiecezja.katowice.pl\/de\/index\">archiwum.archidiecezja.katowice.pl\/de\/index<\/a><br \/>\n<a href=\"http:\/\/www.diecezja.opole.pl\/index.php\/instytucje\/archiwum-diecezjalne\">www.diecezja.opole.pl\/index.php\/instytucje\/archiwum-diecezjalne<\/a><br \/>\n<a href=\"http:\/\/www.archiwum.diecezjazg.pl\/\">http:\/\/www.archiwum.diecezjazg.pl\/<\/a><\/p>\n<p><b>Pozost<strong>a\u0142e<br \/>\n<\/strong><\/b><i><span lang=\"pl-PL\">\u015al\u0105ski Kwartalnik Historyczny<\/span> Sob\u00f3tka<br \/>\n<\/i><a href=\"http:\/\/sobotka.uni.wroc.pl\/pl\/\">sobotka.uni.wroc.pl\/pl\/<\/a><i><br \/>\n<\/i><\/p>\n<p><em><span class=\"st\">S\u0142ownik Biograficzny <span lang=\"pl-PL\">\u015al\u0105ska Cieszy\u0144skiego<\/span><br \/>\n<\/span><\/em><span class=\"st\"><a href=\"http:\/\/slownik.kc-cieszyn.pl\/index.php\/content,592\/\">slownik.kc-cieszyn.pl\/index.php\/content,592\/<\/a><\/span><\/p>\n<p><em><span lang=\"pl-PL\"><i>Topograficzny zbi\u00f3r map<\/i><\/span><\/em><br \/>\n<a href=\"https:\/\/www.herder-institut.de\/abteilungen\/kartensammlung.html\">https:\/\/www.herder-institut.de\/abteilungen\/kartensammlung.html<\/a><\/p>\n<p><i>Atlas \u015bl\u0105skich miast<\/i><br \/>\n<a href=\"https:\/\/www.herder-institut.de\/projekte\/laufende-projekte\/historisch-topographischer-atlas-schlesischer-staedte.html\">https:\/\/www.herder-institut.de\/projekte\/laufende-projekte\/historisch-topographischer-atlas-schlesischer-staedte.html<\/a><\/p>\n<p><i><em>Katalog ilustracji<\/em><br \/>\n<\/i><a href=\"https:\/\/www.herder-institut.de\/bildkatalog\/\">https:\/\/www.herder-institut.de\/bildkatalog\/<\/a><strong>\u00a0<\/strong><\/p>\n<p><strong><span lang=\"pl-PL\">Nasza oferta zawiera linki zewn\u0119trzne, na kt\u00f3rych tre\u015b\u0107 nie mamy wp\u0142ywu. Komisja Historyczna \u015al\u0105ska nie ponosi \u017cadnej odpowiedzialno\u015bci za tre\u015bci umieszczone na innych stronach internetowych.<\/span><\/strong><\/p>\n","protected":false},"excerpt":{"rendered":"<p>Zdigitalizowane wyszukiwanie literatury https:\/\/www.sbc.org.pl\/dlibra http:\/\/opac.ub.uni-marburg.de\/DB=2\/ Muzea www.schlesisches-museum.de\/ www.oberschlesisches-landesmuseum.de\/ www.muzeumslaskie.pl\/de\/ www.muzeumprasy.pl\/ muzeumcieszyn.pl\/index.php www.mhk.katowice.pl\/ www.muzeum.gliwice.pl\/ Archiwa www.katowice.ap.gov.pl\/ www.ap.wroc.pl\/ www.archiwum.zgora.pl\/ www.archiwum.opole.pl\/szablon.php www.am.katowice.pl\/ Archiwa ko\u015bcielne archiwum.archidiecezja.katowice.pl\/de\/index www.diecezja.opole.pl\/index.php\/instytucje\/archiwum-diecezjalne http:\/\/www.archiwum.diecezjazg.pl\/ Pozosta\u0142e \u015al\u0105ski Kwartalnik Historyczny Sob\u00f3tka sobotka.uni.wroc.pl\/pl\/ S\u0142ownik Biograficzny \u015al\u0105ska Cieszy\u0144skiego slownik.kc-cieszyn.pl\/index.php\/content,592\/ Topograficzny zbi\u00f3r map https:\/\/www.herder-institut.de\/abteilungen\/kartensammlung.html Atlas \u015bl\u0105skich miast https:\/\/www.herder-institut.de\/projekte\/laufende-projekte\/historisch-topographischer-atlas-schlesischer-staedte.html Katalog ilustracji https:\/\/www.herder-institut.de\/bildkatalog\/\u00a0 Nasza oferta zawiera linki zewn\u0119trzne, na kt\u00f3rych tre\u015b\u0107 nie [&hellip;]<\/p>\n","protected":false},"author":1,"featured_media":0,"parent":0,"menu_order":0,"comment_status":"closed","ping_status":"closed","template":"","meta":[],"translation":{"provider":"WPGlobus","version":"2.10.6","language":"pl","enabled_languages":["de","pl"],"languages":{"de":{"title":true,"content":true,"excerpt":false},"pl":{"title":true,"content":true,"excerpt":false}}},"yoast_head":"<!-- This site is optimized with the Yoast SEO plugin v19.10 - https:\/\/yoast.com\/wordpress\/plugins\/seo\/ -->\n<title>Linki - Komisja Historyczna \u015al\u0105ska<\/title>\n<meta name=\"robots\" content=\"index, follow, max-snippet:-1, max-image-preview:large, max-video-preview:-1\" \/>\n<link rel=\"canonical\" href=\"http:\/\/hiko-schlesien.de\/pl\/links\/\" \/>\n<meta property=\"og:locale\" content=\"pl_PL\" \/>\n<meta property=\"og:type\" content=\"article\" \/>\n<meta property=\"og:title\" content=\"Linki - Komisja Historyczna \u015al\u0105ska\" \/>\n<meta property=\"og:url\" content=\"http:\/\/hiko-schlesien.de\/pl\/links\/\" \/>\n<meta property=\"og:site_name\" content=\"Komisja Historyczna \u015al\u0105ska\" \/>\n<meta property=\"article:modified_time\" content=\"2019-05-19T15:20:14+00:00\" \/>\n<meta name=\"twitter:card\" content=\"summary_large_image\" \/>\n<meta name=\"twitter:label1\" content=\"Est. reading time\" \/>\n\t<meta name=\"twitter:data1\" content=\"2 minutes\" \/>\n<script type=\"application\/ld+json\" class=\"yoast-schema-graph\">{\"@context\":\"https:\/\/schema.org\",\"@graph\":[{\"@type\":\"WebPage\",\"@id\":\"http:\/\/hiko-schlesien.de\/pl\/links\/\",\"url\":\"http:\/\/hiko-schlesien.de\/pl\/links\/\",\"name\":\"Linki - Komisja Historyczna \u015al\u0105ska\",\"isPartOf\":{\"@id\":\"http:\/\/hiko-schlesien.de\/pl\/#website\"},\"datePublished\":\"2019-05-19T12:45:51+00:00\",\"dateModified\":\"2019-05-19T15:20:14+00:00\",\"breadcrumb\":{\"@id\":\"http:\/\/hiko-schlesien.de\/pl\/links\/#breadcrumb\"},\"inLanguage\":\"pl-PL\",\"potentialAction\":[{\"@type\":\"ReadAction\",\"target\":[\"http:\/\/hiko-schlesien.de\/pl\/links\/\"]}]},{\"@type\":\"BreadcrumbList\",\"@id\":\"http:\/\/hiko-schlesien.de\/pl\/links\/#breadcrumb\",\"itemListElement\":[{\"@type\":\"ListItem\",\"position\":1,\"name\":\"Startseite\",\"item\":\"http:\/\/hiko-schlesien.de\/pl\/\"},{\"@type\":\"ListItem\",\"position\":2,\"name\":\"Linki\"}]},{\"@type\":\"WebSite\",\"@id\":\"http:\/\/hiko-schlesien.de\/pl\/#website\",\"url\":\"http:\/\/hiko-schlesien.de\/pl\/\",\"name\":\"Komisja Historyczna \u015al\u0105ska\",\"description\":\"\",\"potentialAction\":[{\"@type\":\"SearchAction\",\"target\":{\"@type\":\"EntryPoint\",\"urlTemplate\":\"http:\/\/hiko-schlesien.de\/pl\/?s={search_term_string}\"},\"query-input\":\"required name=search_term_string\"}],\"inLanguage\":\"pl-PL\"}]}<\/script>\n<!-- \/ Yoast SEO plugin. -->","yoast_head_json":{"title":"Linki - Komisja Historyczna \u015al\u0105ska","robots":{"index":"index","follow":"follow","max-snippet":"max-snippet:-1","max-image-preview":"max-image-preview:large","max-video-preview":"max-video-preview:-1"},"canonical":"http:\/\/hiko-schlesien.de\/pl\/links\/","og_locale":"pl_PL","og_type":"article","og_title":"Linki - Komisja Historyczna \u015al\u0105ska","og_url":"http:\/\/hiko-schlesien.de\/pl\/links\/","og_site_name":"Komisja Historyczna \u015al\u0105ska","article_modified_time":"2019-05-19T15:20:14+00:00","twitter_card":"summary_large_image","twitter_misc":{"Est. reading time":"2 minutes"},"schema":{"@context":"https:\/\/schema.org","@graph":[{"@type":"WebPage","@id":"http:\/\/hiko-schlesien.de\/pl\/links\/","url":"http:\/\/hiko-schlesien.de\/pl\/links\/","name":"Linki - Komisja Historyczna \u015al\u0105ska","isPartOf":{"@id":"http:\/\/hiko-schlesien.de\/pl\/#website"},"datePublished":"2019-05-19T12:45:51+00:00","dateModified":"2019-05-19T15:20:14+00:00","breadcrumb":{"@id":"http:\/\/hiko-schlesien.de\/pl\/links\/#breadcrumb"},"inLanguage":"pl-PL","potentialAction":[{"@type":"ReadAction","target":["http:\/\/hiko-schlesien.de\/pl\/links\/"]}]},{"@type":"BreadcrumbList","@id":"http:\/\/hiko-schlesien.de\/pl\/links\/#breadcrumb","itemListElement":[{"@type":"ListItem","position":1,"name":"Startseite","item":"http:\/\/hiko-schlesien.de\/pl\/"},{"@type":"ListItem","position":2,"name":"Linki"}]},{"@type":"WebSite","@id":"http:\/\/hiko-schlesien.de\/pl\/#website","url":"http:\/\/hiko-schlesien.de\/pl\/","name":"Komisja Historyczna \u015al\u0105ska","description":"","potentialAction":[{"@type":"SearchAction","target":{"@type":"EntryPoint","urlTemplate":"http:\/\/hiko-schlesien.de\/pl\/?s={search_term_string}"},"query-input":"required name=search_term_string"}],"inLanguage":"pl-PL"}]}},"_links":{"self":[{"href":"http:\/\/hiko-schlesien.de\/pl\/wp-json\/wp\/v2\/pages\/20"}],"collection":[{"href":"http:\/\/hiko-schlesien.de\/pl\/wp-json\/wp\/v2\/pages"}],"about":[{"href":"http:\/\/hiko-schlesien.de\/pl\/wp-json\/wp\/v2\/types\/page"}],"author":[{"embeddable":true,"href":"http:\/\/hiko-schlesien.de\/pl\/wp-json\/wp\/v2\/users\/1"}],"replies":[{"embeddable":true,"href":"http:\/\/hiko-schlesien.de\/pl\/wp-json\/wp\/v2\/comments?post=20"}],"version-history":[{"count":13,"href":"http:\/\/hiko-schlesien.de\/pl\/wp-json\/wp\/v2\/pages\/20\/revisions"}],"predecessor-version":[{"id":113,"href":"http:\/\/hiko-schlesien.de\/pl\/wp-json\/wp\/v2\/pages\/20\/revisions\/113"}],"wp:attachment":[{"href":"http:\/\/hiko-schlesien.de\/pl\/wp-json\/wp\/v2\/media?parent=20"}],"curies":[{"name":"wp","href":"https:\/\/api.w.org\/{rel}","templated":true}]}}