{"id":17,"date":"2019-05-19T14:45:22","date_gmt":"2019-05-19T12:45:22","guid":{"rendered":"http:\/\/hiko-schlesien.de\/?page_id=17"},"modified":"2019-11-17T18:34:24","modified_gmt":"2019-11-17T16:34:24","slug":"kontakte","status":"publish","type":"page","link":"http:\/\/hiko-schlesien.de\/pl\/kontakte\/","title":{"rendered":"Kontakt"},"content":{"rendered":"<p><img decoding=\"async\" loading=\"lazy\" class=\"wp-image-49 size-medium alignright\" src=\"http:\/\/hiko-schlesien.de\/wp-23550-content\/uploads\/2019\/05\/Herr-am-Schreibtisch_Felbiger_Eigenschaften_Kopie-300x297.jpg\" alt=\"\" width=\"300\" height=\"297\" srcset=\"http:\/\/hiko-schlesien.de\/wp-23550-content\/uploads\/2019\/05\/Herr-am-Schreibtisch_Felbiger_Eigenschaften_Kopie-300x297.jpg 300w, http:\/\/hiko-schlesien.de\/wp-23550-content\/uploads\/2019\/05\/Herr-am-Schreibtisch_Felbiger_Eigenschaften_Kopie-150x150.jpg 150w, http:\/\/hiko-schlesien.de\/wp-23550-content\/uploads\/2019\/05\/Herr-am-Schreibtisch_Felbiger_Eigenschaften_Kopie-768x761.jpg 768w, http:\/\/hiko-schlesien.de\/wp-23550-content\/uploads\/2019\/05\/Herr-am-Schreibtisch_Felbiger_Eigenschaften_Kopie-1024x1015.jpg 1024w, http:\/\/hiko-schlesien.de\/wp-23550-content\/uploads\/2019\/05\/Herr-am-Schreibtisch_Felbiger_Eigenschaften_Kopie.jpg 1500w\" sizes=\"(max-width: 300px) 100vw, 300px\" \/><strong>1. Vorsitzender:<br \/>\n<\/strong>Prof. Dr. Joachim Bahlcke<br \/>\nUniversit\u00e4t Stuttgart, Historisches Institut<br \/>\nAbteilung Geschichte der Fr\u00fchen Neuzeit<br \/>\nKeplerstr. 17, D-70174 Stuttgart<\/p>\n<p>Email: <a href=\"mailto:joachim.bahlcke@hi.uni-stuttgart.de\">joachim.bahlcke@hi.uni-stuttgart.de<\/a><br \/>\nTel. 0711 \/ 685-82341<\/p>\n<p><strong>2. Vorsitzender:<br \/>\n<\/strong>Dr. Ulrich Schmilewski<br \/>\nBerliner Ring 37<br \/>\nD-97753 Karlstadt (Main)<\/p>\n<p>Email: <a href=\"mailto:uvschmilewski@gmx.de\">uvschmilewski@gmx.de<\/a><br \/>\nTel. 09353 \/ 2216<\/p>\n<p><strong>Gesch\u00e4ftsf\u00fchrer:<br \/>\n<\/strong>apl. Prof. Dr. Roland Gehrke<br \/>\nUniversit\u00e4t Stuttgart, Historisches Institut<br \/>\nKeplerstr. 17, D-70174 Stuttgart<\/p>\n<p>Email: <a href=\"mailto:roland.gehrke@hi.uni-stuttgart.de\">roland.gehrke@hi.uni-stuttgart.de<\/a><br \/>\nTel. 0711 \/ 685-82496<\/p>\n","protected":false},"excerpt":{"rendered":"<p>1. Vorsitzender: Prof. Dr. Joachim Bahlcke Universit\u00e4t Stuttgart, Historisches Institut Abteilung Geschichte der Fr\u00fchen Neuzeit Keplerstr. 17, D-70174 Stuttgart Email: joachim.bahlcke@hi.uni-stuttgart.de Tel. 0711 \/ 685-82341 2. Vorsitzender: Dr. Ulrich Schmilewski Berliner Ring 37 D-97753 Karlstadt (Main) Email: uvschmilewski@gmx.de Tel. 09353 \/ 2216 Gesch\u00e4ftsf\u00fchrer: apl. Prof. Dr. Roland Gehrke Universit\u00e4t Stuttgart, Historisches Institut Keplerstr. 17, D-70174 [&hellip;]<\/p>\n","protected":false},"author":1,"featured_media":0,"parent":0,"menu_order":0,"comment_status":"closed","ping_status":"closed","template":"","meta":[],"translation":{"provider":"WPGlobus","version":"2.10.6","language":"pl","enabled_languages":["de","pl"],"languages":{"de":{"title":true,"content":true,"excerpt":false},"pl":{"title":false,"content":false,"excerpt":false}}},"yoast_head":"<!-- This site is optimized with the Yoast SEO plugin v19.10 - https:\/\/yoast.com\/wordpress\/plugins\/seo\/ -->\n<title>Kontakt - Komisja Historyczna \u015al\u0105ska<\/title>\n<meta name=\"robots\" content=\"index, follow, max-snippet:-1, max-image-preview:large, max-video-preview:-1\" \/>\n<link rel=\"canonical\" href=\"http:\/\/hiko-schlesien.de\/kontakte\/\" \/>\n<meta property=\"og:locale\" content=\"pl_PL\" \/>\n<meta property=\"og:type\" content=\"article\" \/>\n<meta property=\"og:title\" content=\"Kontakt - Komisja Historyczna \u015al\u0105ska\" \/>\n<meta property=\"og:url\" content=\"http:\/\/hiko-schlesien.de\/kontakte\/\" \/>\n<meta property=\"og:site_name\" content=\"Komisja Historyczna \u015al\u0105ska\" \/>\n<meta property=\"article:modified_time\" content=\"2019-11-17T16:34:24+00:00\" \/>\n<meta property=\"og:image\" content=\"http:\/\/hiko-schlesien.de\/wp-23550-content\/uploads\/2019\/05\/Herr-am-Schreibtisch_Felbiger_Eigenschaften_Kopie-300x297.jpg\" \/>\n<meta name=\"twitter:card\" content=\"summary_large_image\" \/>\n<script type=\"application\/ld+json\" class=\"yoast-schema-graph\">{\"@context\":\"https:\/\/schema.org\",\"@graph\":[{\"@type\":\"WebPage\",\"@id\":\"http:\/\/hiko-schlesien.de\/kontakte\/\",\"url\":\"http:\/\/hiko-schlesien.de\/kontakte\/\",\"name\":\"Kontakt - Komisja Historyczna \u015al\u0105ska\",\"isPartOf\":{\"@id\":\"http:\/\/hiko-schlesien.de\/pl\/#website\"},\"datePublished\":\"2019-05-19T12:45:22+00:00\",\"dateModified\":\"2019-11-17T16:34:24+00:00\",\"breadcrumb\":{\"@id\":\"http:\/\/hiko-schlesien.de\/kontakte\/#breadcrumb\"},\"inLanguage\":\"pl-PL\",\"potentialAction\":[{\"@type\":\"ReadAction\",\"target\":[\"http:\/\/hiko-schlesien.de\/kontakte\/\"]}]},{\"@type\":\"BreadcrumbList\",\"@id\":\"http:\/\/hiko-schlesien.de\/kontakte\/#breadcrumb\",\"itemListElement\":[{\"@type\":\"ListItem\",\"position\":1,\"name\":\"Startseite\",\"item\":\"http:\/\/hiko-schlesien.de\/pl\/\"},{\"@type\":\"ListItem\",\"position\":2,\"name\":\"Kontakt\"}]},{\"@type\":\"WebSite\",\"@id\":\"http:\/\/hiko-schlesien.de\/pl\/#website\",\"url\":\"http:\/\/hiko-schlesien.de\/pl\/\",\"name\":\"Komisja Historyczna \u015al\u0105ska\",\"description\":\"\",\"potentialAction\":[{\"@type\":\"SearchAction\",\"target\":{\"@type\":\"EntryPoint\",\"urlTemplate\":\"http:\/\/hiko-schlesien.de\/pl\/?s={search_term_string}\"},\"query-input\":\"required name=search_term_string\"}],\"inLanguage\":\"pl-PL\"}]}<\/script>\n<!-- \/ Yoast SEO plugin. -->","yoast_head_json":{"title":"Kontakt - Komisja Historyczna \u015al\u0105ska","robots":{"index":"index","follow":"follow","max-snippet":"max-snippet:-1","max-image-preview":"max-image-preview:large","max-video-preview":"max-video-preview:-1"},"canonical":"http:\/\/hiko-schlesien.de\/kontakte\/","og_locale":"pl_PL","og_type":"article","og_title":"Kontakt - Komisja Historyczna \u015al\u0105ska","og_url":"http:\/\/hiko-schlesien.de\/kontakte\/","og_site_name":"Komisja Historyczna \u015al\u0105ska","article_modified_time":"2019-11-17T16:34:24+00:00","og_image":[{"url":"http:\/\/hiko-schlesien.de\/wp-23550-content\/uploads\/2019\/05\/Herr-am-Schreibtisch_Felbiger_Eigenschaften_Kopie-300x297.jpg"}],"twitter_card":"summary_large_image","schema":{"@context":"https:\/\/schema.org","@graph":[{"@type":"WebPage","@id":"http:\/\/hiko-schlesien.de\/kontakte\/","url":"http:\/\/hiko-schlesien.de\/kontakte\/","name":"Kontakt - Komisja Historyczna \u015al\u0105ska","isPartOf":{"@id":"http:\/\/hiko-schlesien.de\/pl\/#website"},"datePublished":"2019-05-19T12:45:22+00:00","dateModified":"2019-11-17T16:34:24+00:00","breadcrumb":{"@id":"http:\/\/hiko-schlesien.de\/kontakte\/#breadcrumb"},"inLanguage":"pl-PL","potentialAction":[{"@type":"ReadAction","target":["http:\/\/hiko-schlesien.de\/kontakte\/"]}]},{"@type":"BreadcrumbList","@id":"http:\/\/hiko-schlesien.de\/kontakte\/#breadcrumb","itemListElement":[{"@type":"ListItem","position":1,"name":"Startseite","item":"http:\/\/hiko-schlesien.de\/pl\/"},{"@type":"ListItem","position":2,"name":"Kontakt"}]},{"@type":"WebSite","@id":"http:\/\/hiko-schlesien.de\/pl\/#website","url":"http:\/\/hiko-schlesien.de\/pl\/","name":"Komisja Historyczna \u015al\u0105ska","description":"","potentialAction":[{"@type":"SearchAction","target":{"@type":"EntryPoint","urlTemplate":"http:\/\/hiko-schlesien.de\/pl\/?s={search_term_string}"},"query-input":"required name=search_term_string"}],"inLanguage":"pl-PL"}]}},"_links":{"self":[{"href":"http:\/\/hiko-schlesien.de\/pl\/wp-json\/wp\/v2\/pages\/17"}],"collection":[{"href":"http:\/\/hiko-schlesien.de\/pl\/wp-json\/wp\/v2\/pages"}],"about":[{"href":"http:\/\/hiko-schlesien.de\/pl\/wp-json\/wp\/v2\/types\/page"}],"author":[{"embeddable":true,"href":"http:\/\/hiko-schlesien.de\/pl\/wp-json\/wp\/v2\/users\/1"}],"replies":[{"embeddable":true,"href":"http:\/\/hiko-schlesien.de\/pl\/wp-json\/wp\/v2\/comments?post=17"}],"version-history":[{"count":11,"href":"http:\/\/hiko-schlesien.de\/pl\/wp-json\/wp\/v2\/pages\/17\/revisions"}],"predecessor-version":[{"id":184,"href":"http:\/\/hiko-schlesien.de\/pl\/wp-json\/wp\/v2\/pages\/17\/revisions\/184"}],"wp:attachment":[{"href":"http:\/\/hiko-schlesien.de\/pl\/wp-json\/wp\/v2\/media?parent=17"}],"curies":[{"name":"wp","href":"https:\/\/api.w.org\/{rel}","templated":true}]}}